{"id":335,"date":"2014-05-28T08:06:23","date_gmt":"2014-05-28T08:06:23","guid":{"rendered":"http:\/\/portoguitarra.com\/?page_id=335"},"modified":"2025-09-23T17:41:49","modified_gmt":"2025-09-23T17:41:49","slug":"contacte-nos","status":"publish","type":"page","link":"https:\/\/portoguitarra.com\/en\/contact-us\/","title":{"rendered":"Contact us"},"content":{"rendered":"<p><\/p>\n<p><\/p>","protected":false},"excerpt":{"rendered":"","protected":false},"author":2,"featured_media":341,"parent":0,"menu_order":0,"comment_status":"open","ping_status":"open","template":"","meta":[],"yoast_head":"<!-- This site is optimized with the Yoast SEO plugin v16.2 - https:\/\/yoast.com\/wordpress\/plugins\/seo\/ -->\n<title>Contact us - Porto Guitarra<\/title>\n<meta name=\"description\" content=\"Preencha o formul\u00e1rio abaixo para entrar em contacto connosco. Respondermos \u00e0s suas quest\u00f5es o mais depressa poss\u00edvel.\" \/>\n<meta name=\"robots\" content=\"index, follow, max-snippet:-1, max-image-preview:large, max-video-preview:-1\" \/>\n<link rel=\"canonical\" href=\"https:\/\/portoguitarra.com\/contacte-nos\/\" \/>\n<meta property=\"og:locale\" content=\"en_US\" \/>\n<meta property=\"og:type\" content=\"article\" \/>\n<meta property=\"og:title\" content=\"[:en] Contact us - Porto Guitarra [:pt]Contacte-nos - Porto Guitarra\" \/>\n<meta property=\"og:description\" content=\"Preencha o formul\u00e1rio abaixo para entrar em contacto connosco. Respondermos \u00e0s suas quest\u00f5es o mais depressa poss\u00edvel.\" \/>\n<meta property=\"og:url\" content=\"https:\/\/portoguitarra.com\/contacte-nos\/\" \/>\n<meta property=\"og:site_name\" content=\"Porto Guitarra\" \/>\n<meta property=\"article:publisher\" content=\"https:\/\/www.facebook.com\/portoguitarra\" \/>\n<meta property=\"article:modified_time\" content=\"2025-09-23T17:41:49+00:00\" \/>\n<meta property=\"og:image\" content=\"https:\/\/portoguitarra.com\/content\/uploads\/2014\/05\/old_phone_01.jpg\" \/>\n\t<meta property=\"og:image:width\" content=\"1920\" \/>\n\t<meta property=\"og:image:height\" content=\"2880\" \/>\n<meta name=\"twitter:label1\" content=\"Est. reading time\">\n\t<meta name=\"twitter:data1\" content=\"1 minute\">\n<script type=\"application\/ld+json\" class=\"yoast-schema-graph\">{\"@context\":\"https:\/\/schema.org\",\"@graph\":[{\"@type\":\"WebSite\",\"@id\":\"https:\/\/portoguitarra.com\/#website\",\"url\":\"https:\/\/portoguitarra.com\/\",\"name\":\"Porto Guitarra\",\"description\":\"A magia dos instrumentos de corda\",\"potentialAction\":[{\"@type\":\"SearchAction\",\"target\":\"https:\/\/portoguitarra.com\/?s={search_term_string}\",\"query-input\":\"required name=search_term_string\"}],\"inLanguage\":\"en-US\"},{\"@type\":\"ImageObject\",\"@id\":\"https:\/\/portoguitarra.com\/contacte-nos\/#primaryimage\",\"inLanguage\":\"en-US\",\"url\":\"https:\/\/portoguitarra.com\/content\/uploads\/2014\/05\/old_phone_01.jpg\",\"contentUrl\":\"https:\/\/portoguitarra.com\/content\/uploads\/2014\/05\/old_phone_01.jpg\",\"width\":1920,\"height\":2880,\"caption\":\"Contact us\"},{\"@type\":\"WebPage\",\"@id\":\"https:\/\/portoguitarra.com\/contacte-nos\/#webpage\",\"url\":\"https:\/\/portoguitarra.com\/contacte-nos\/\",\"name\":\"[:en] Contact us - Porto Guitarra [:pt]Contacte-nos - Porto Guitarra\",\"isPartOf\":{\"@id\":\"https:\/\/portoguitarra.com\/#website\"},\"primaryImageOfPage\":{\"@id\":\"https:\/\/portoguitarra.com\/contacte-nos\/#primaryimage\"},\"datePublished\":\"2014-05-28T08:06:23+00:00\",\"dateModified\":\"2025-09-23T17:41:49+00:00\",\"description\":\"Preencha o formul\\u00e1rio abaixo para entrar em contacto connosco. Respondermos \\u00e0s suas quest\\u00f5es o mais depressa poss\\u00edvel.\",\"breadcrumb\":{\"@id\":\"https:\/\/portoguitarra.com\/contacte-nos\/#breadcrumb\"},\"inLanguage\":\"en-US\",\"potentialAction\":[{\"@type\":\"ReadAction\",\"target\":[\"https:\/\/portoguitarra.com\/contacte-nos\/\"]}]},{\"@type\":\"BreadcrumbList\",\"@id\":\"https:\/\/portoguitarra.com\/contacte-nos\/#breadcrumb\",\"itemListElement\":[{\"@type\":\"ListItem\",\"position\":1,\"item\":{\"@type\":\"WebPage\",\"@id\":\"https:\/\/portoguitarra.com\/\",\"url\":\"https:\/\/portoguitarra.com\/\",\"name\":\"In\\u00edcio\"}},{\"@type\":\"ListItem\",\"position\":2,\"item\":{\"@id\":\"https:\/\/portoguitarra.com\/contacte-nos\/#webpage\"}}]}]}<\/script>\n<!-- \/ Yoast SEO plugin. -->","_links":{"self":[{"href":"https:\/\/portoguitarra.com\/en\/wp-json\/wp\/v2\/pages\/335"}],"collection":[{"href":"https:\/\/portoguitarra.com\/en\/wp-json\/wp\/v2\/pages"}],"about":[{"href":"https:\/\/portoguitarra.com\/en\/wp-json\/wp\/v2\/types\/page"}],"author":[{"embeddable":true,"href":"https:\/\/portoguitarra.com\/en\/wp-json\/wp\/v2\/users\/2"}],"replies":[{"embeddable":true,"href":"https:\/\/portoguitarra.com\/en\/wp-json\/wp\/v2\/comments?post=335"}],"version-history":[{"count":8,"href":"https:\/\/portoguitarra.com\/en\/wp-json\/wp\/v2\/pages\/335\/revisions"}],"predecessor-version":[{"id":886,"href":"https:\/\/portoguitarra.com\/en\/wp-json\/wp\/v2\/pages\/335\/revisions\/886"}],"wp:featuredmedia":[{"embeddable":true,"href":"https:\/\/portoguitarra.com\/en\/wp-json\/wp\/v2\/media\/341"}],"wp:attachment":[{"href":"https:\/\/portoguitarra.com\/en\/wp-json\/wp\/v2\/media?parent=335"}],"curies":[{"name":"wp","href":"https:\/\/api.w.org\/{rel}","templated":true}]}}