{"id":29,"date":"2014-01-21T16:48:35","date_gmt":"2014-01-21T16:48:35","guid":{"rendered":"http:\/\/portoguitarra.com\/?page_id=29"},"modified":"2014-08-14T14:44:02","modified_gmt":"2014-08-14T14:44:02","slug":"servicos","status":"publish","type":"page","link":"https:\/\/portoguitarra.com\/en\/our-services\/","title":{"rendered":"Our Services"},"content":{"rendered":"<p><\/p>\n<p><strong>Sales of Instruments and Accessories<\/strong><\/p>\n<p>We sell all kind of traditional Portuguese stringed instruments. Our instruments are optimized with regard to final tuning thus ensuring the best price\/playability ratio in any range of instruments. More than a sale, we provide all the necessary advice on the purchase of new instruments or accessories, ensuring that our client stays with the best solution. We believe that there is a right instrument for every player. <b>Shipment\u00a0<\/b> We ship instruments or accessories to any part of the world. If you cannot come to us, we send it to your address.<\/p>\n<p><strong>Customized Instruments<\/strong><\/p>\n<p>We have the ability to customize instruments, giving a personal touch for every customer. We can do it starting from standard instruments, just changing the aesthetic line, or we can set root throughout the design of the instrument, selecting woods, pieces (hardware), technical details, aesthetics and finishes. Our goal is to give our customers the opportunity to create unique instruments with us.<\/p>\n<p><strong>Repairs and tunings<\/strong><\/p>\n<p>We do repairs and tuning of instruments with appropriate techniques to maintain the character of the instrument both in terms of sound or historical context.<\/p>\n<p><a class=\"btn btn-center .colorbox-image\" title=\"Contact-us\" href=\"#contacte-nos\" data-scroll=\"\">Contact-us<\/a><\/p>\n<p><\/p>","protected":false},"excerpt":{"rendered":"<p>Sales of Instruments and Accessories We sell all kind of traditional Portuguese stringed instruments. Our instruments are optimized with regard to final tuning thus ensuring the best price\/playability ratio in any range of instruments. More than a sale, we provide all the necessary advice on the purchase of new instruments or accessories, ensuring that our[&#8230;..]<\/p>\n","protected":false},"author":2,"featured_media":25,"parent":0,"menu_order":0,"comment_status":"open","ping_status":"open","template":"","meta":[],"yoast_head":"<!-- This site is optimized with the Yoast SEO plugin v16.2 - https:\/\/yoast.com\/wordpress\/plugins\/seo\/ -->\n<title>Os nossos Servi\u00e7os - Porto Guitarra<\/title>\n<meta name=\"description\" content=\"Venda de Instrumentos e Acess\u00f3riosVendemos todo o tipo de cordofones tradicionais portugueses e n\u00e3o s\u00f3. Os nossos instrumentos s\u00e3o otimizados no que diz\" \/>\n<meta name=\"robots\" content=\"index, follow, max-snippet:-1, max-image-preview:large, max-video-preview:-1\" \/>\n<link rel=\"canonical\" href=\"https:\/\/portoguitarra.com\/nossos-servicos\/\" \/>\n<meta property=\"og:locale\" content=\"en_US\" \/>\n<meta property=\"og:type\" content=\"article\" \/>\n<meta property=\"og:title\" content=\"Os nossos Servi\u00e7os - Porto Guitarra\" \/>\n<meta property=\"og:description\" content=\"Venda de Instrumentos e Acess\u00f3riosVendemos todo o tipo de cordofones tradicionais portugueses e n\u00e3o s\u00f3. Os nossos instrumentos s\u00e3o otimizados no que diz\" \/>\n<meta property=\"og:url\" content=\"https:\/\/portoguitarra.com\/nossos-servicos\/\" \/>\n<meta property=\"og:site_name\" content=\"Porto Guitarra\" \/>\n<meta property=\"article:publisher\" content=\"https:\/\/www.facebook.com\/portoguitarra\" \/>\n<meta property=\"article:modified_time\" content=\"2014-08-14T14:44:02+00:00\" \/>\n<meta property=\"og:image\" content=\"https:\/\/portoguitarra.com\/content\/uploads\/2014\/01\/Slider05-1024x682.jpg\" \/>\n\t<meta property=\"og:image:width\" content=\"1024\" \/>\n\t<meta property=\"og:image:height\" content=\"682\" \/>\n<meta name=\"twitter:label1\" content=\"Est. reading time\">\n\t<meta name=\"twitter:data1\" content=\"2 minutes\">\n<script type=\"application\/ld+json\" class=\"yoast-schema-graph\">{\"@context\":\"https:\/\/schema.org\",\"@graph\":[{\"@type\":\"WebSite\",\"@id\":\"https:\/\/portoguitarra.com\/#website\",\"url\":\"https:\/\/portoguitarra.com\/\",\"name\":\"Porto Guitarra\",\"description\":\"A magia dos instrumentos de corda\",\"potentialAction\":[{\"@type\":\"SearchAction\",\"target\":\"https:\/\/portoguitarra.com\/?s={search_term_string}\",\"query-input\":\"required name=search_term_string\"}],\"inLanguage\":\"en-US\"},{\"@type\":\"ImageObject\",\"@id\":\"https:\/\/portoguitarra.com\/nossos-servicos\/#primaryimage\",\"inLanguage\":\"en-US\",\"url\":\"https:\/\/portoguitarra.com\/content\/uploads\/2014\/01\/Slider05.jpg\",\"contentUrl\":\"https:\/\/portoguitarra.com\/content\/uploads\/2014\/01\/Slider05.jpg\",\"width\":4752,\"height\":3168},{\"@type\":\"WebPage\",\"@id\":\"https:\/\/portoguitarra.com\/nossos-servicos\/#webpage\",\"url\":\"https:\/\/portoguitarra.com\/nossos-servicos\/\",\"name\":\"Os nossos Servi\\u00e7os - Porto Guitarra\",\"isPartOf\":{\"@id\":\"https:\/\/portoguitarra.com\/#website\"},\"primaryImageOfPage\":{\"@id\":\"https:\/\/portoguitarra.com\/nossos-servicos\/#primaryimage\"},\"datePublished\":\"2014-01-21T16:48:35+00:00\",\"dateModified\":\"2014-08-14T14:44:02+00:00\",\"description\":\"Venda de Instrumentos e Acess\\u00f3riosVendemos todo o tipo de cordofones tradicionais portugueses e n\\u00e3o s\\u00f3. Os nossos instrumentos s\\u00e3o otimizados no que diz\",\"breadcrumb\":{\"@id\":\"https:\/\/portoguitarra.com\/nossos-servicos\/#breadcrumb\"},\"inLanguage\":\"en-US\",\"potentialAction\":[{\"@type\":\"ReadAction\",\"target\":[\"https:\/\/portoguitarra.com\/nossos-servicos\/\"]}]},{\"@type\":\"BreadcrumbList\",\"@id\":\"https:\/\/portoguitarra.com\/nossos-servicos\/#breadcrumb\",\"itemListElement\":[{\"@type\":\"ListItem\",\"position\":1,\"item\":{\"@type\":\"WebPage\",\"@id\":\"https:\/\/portoguitarra.com\/\",\"url\":\"https:\/\/portoguitarra.com\/\",\"name\":\"In\\u00edcio\"}},{\"@type\":\"ListItem\",\"position\":2,\"item\":{\"@id\":\"https:\/\/portoguitarra.com\/nossos-servicos\/#webpage\"}}]}]}<\/script>\n<!-- \/ Yoast SEO plugin. -->","_links":{"self":[{"href":"https:\/\/portoguitarra.com\/en\/wp-json\/wp\/v2\/pages\/29"}],"collection":[{"href":"https:\/\/portoguitarra.com\/en\/wp-json\/wp\/v2\/pages"}],"about":[{"href":"https:\/\/portoguitarra.com\/en\/wp-json\/wp\/v2\/types\/page"}],"author":[{"embeddable":true,"href":"https:\/\/portoguitarra.com\/en\/wp-json\/wp\/v2\/users\/2"}],"replies":[{"embeddable":true,"href":"https:\/\/portoguitarra.com\/en\/wp-json\/wp\/v2\/comments?post=29"}],"version-history":[{"count":2,"href":"https:\/\/portoguitarra.com\/en\/wp-json\/wp\/v2\/pages\/29\/revisions"}],"predecessor-version":[{"id":877,"href":"https:\/\/portoguitarra.com\/en\/wp-json\/wp\/v2\/pages\/29\/revisions\/877"}],"wp:featuredmedia":[{"embeddable":true,"href":"https:\/\/portoguitarra.com\/en\/wp-json\/wp\/v2\/media\/25"}],"wp:attachment":[{"href":"https:\/\/portoguitarra.com\/en\/wp-json\/wp\/v2\/media?parent=29"}],"curies":[{"name":"wp","href":"https:\/\/api.w.org\/{rel}","templated":true}]}}